{"id":50,"date":"2021-03-09T15:12:45","date_gmt":"2021-03-09T14:12:45","guid":{"rendered":"https:\/\/icformodels.com\/?page_id=50"},"modified":"2024-06-20T16:58:54","modified_gmt":"2024-06-20T14:58:54","slug":"paris-cest-magique","status":"publish","type":"page","link":"https:\/\/icformodels.com\/en\/institution\/paris-cest-magique\/","title":{"rendered":"PARIS, L&rsquo;UNIQUE"},"content":{"rendered":"<p>[et_pb_section fb_built=\u00a0\u00bb1&Prime; _builder_version=\u00a0\u00bb4.16&Prime; _module_preset=\u00a0\u00bbdefault\u00a0\u00bb background_color=\u00a0\u00bbrgba(0,0,0,0.41)\u00a0\u00bb background_image=\u00a0\u00bbhttps:\/\/icformodels.com\/wp-content\/uploads\/2021\/03\/paris-magique.jpg\u00a0\u00bb background_blend=\u00a0\u00bbmultiply\u00a0\u00bb custom_margin=\u00a0\u00bb||||false|false\u00a0\u00bb custom_padding=\u00a0\u00bb200px||200px||false|false\u00a0\u00bb animation_style=\u00a0\u00bbfade\u00a0\u00bb global_colors_info=\u00a0\u00bb{}\u00a0\u00bb][et_pb_row _builder_version=\u00a0\u00bb4.16&Prime; _module_preset=\u00a0\u00bbdefault\u00a0\u00bb global_colors_info=\u00a0\u00bb{}\u00a0\u00bb][et_pb_column type=\u00a0\u00bb4_4&Prime; _builder_version=\u00a0\u00bb4.16&Prime; _module_preset=\u00a0\u00bbdefault\u00a0\u00bb global_colors_info=\u00a0\u00bb{}\u00a0\u00bb][et_pb_post_title meta=\u00a0\u00bboff\u00a0\u00bb featured_image=\u00a0\u00bboff\u00a0\u00bb _builder_version=\u00a0\u00bb4.16&Prime; _module_preset=\u00a0\u00bbdefault\u00a0\u00bb title_text_align=\u00a0\u00bbcenter\u00a0\u00bb title_text_color=\u00a0\u00bb#FFFFFF\u00a0\u00bb title_font_size=\u00a0\u00bb42px\u00a0\u00bb animation_style=\u00a0\u00bbslide\u00a0\u00bb animation_direction=\u00a0\u00bbbottom\u00a0\u00bb global_colors_info=\u00a0\u00bb{}\u00a0\u00bb][\/et_pb_post_title][\/et_pb_column][\/et_pb_row][\/et_pb_section][et_pb_section fb_built=\u00a0\u00bb1&Prime; specialty=\u00a0\u00bbon\u00a0\u00bb _builder_version=\u00a0\u00bb4.16&Prime; _module_preset=\u00a0\u00bbdefault\u00a0\u00bb custom_padding=\u00a0\u00bb0px|||||\u00a0\u00bb global_colors_info=\u00a0\u00bb{}\u00a0\u00bb][et_pb_column type=\u00a0\u00bb3_4&Prime; specialty_columns=\u00a0\u00bb3&Prime; _builder_version=\u00a0\u00bb4.16&Prime; custom_padding=\u00a0\u00bb|||\u00a0\u00bb global_colors_info=\u00a0\u00bb{}\u00a0\u00bb custom_padding__hover=\u00a0\u00bb|||\u00a0\u00bb][et_pb_row_inner _builder_version=\u00a0\u00bb4.16&Prime; _module_preset=\u00a0\u00bbdefault\u00a0\u00bb global_colors_info=\u00a0\u00bb{}\u00a0\u00bb][et_pb_column_inner saved_specialty_column_type=\u00a0\u00bb3_4&Prime; _builder_version=\u00a0\u00bb4.16&Prime; _module_preset=\u00a0\u00bbdefault\u00a0\u00bb global_colors_info=\u00a0\u00bb{}\u00a0\u00bb][et_pb_text _builder_version=\u00a0\u00bb4.16&Prime; background_size=\u00a0\u00bbinitial\u00a0\u00bb background_position=\u00a0\u00bbtop_left\u00a0\u00bb background_repeat=\u00a0\u00bbrepeat\u00a0\u00bb animation_style=\u00a0\u00bbslide\u00a0\u00bb animation_direction=\u00a0\u00bbleft\u00a0\u00bb global_colors_info=\u00a0\u00bb{}\u00a0\u00bb]<!-- divi:paragraph --><\/p>\n<p style=\"text-align: justify;\">\u201cLa mode est pour la France ce que les mines du P\u00e9rou sont pour l&rsquo;Espagne.\u201d\u00a0Cette exclamation de\u00a0Jean-Baptiste Colbert, fameux premier ministre de Louis XIV, r\u00e9sume \u00e0 elle seule la renomm\u00e9e de la mode fran\u00e7aise, et plus particuli\u00e8rement de l&rsquo;influence parisienne en ce domaine. Aujourd&rsquo;hui encore, le succ\u00e8s du\u00a0made in France\u00a0n&rsquo;en finit pas de s&rsquo;\u00e9tendre au-del\u00e0 des fronti\u00e8res, et la haute couture est l&rsquo;un des principaux arguments exhib\u00e9s par les touristes de passage !<\/p>\n<p style=\"text-align: justify;\">D\u00e9couvrez notre \u00e9tablissement d&rsquo;enseignement sup\u00e9rieur priv\u00e9 de la Mode, Luxe, Beaut\u00e9.\u00a0<\/p>\n<h2><strong>Paris, capitale de la haute couture<\/strong><\/h2>\n<p>&nbsp;<\/p>\n<p>Si\u00a0Paris\u00a0est c\u00e9l\u00e8bre pour sa particularit\u00e9 d&rsquo;un\u00a0made in France\u00a0artisanal, c&rsquo;est tout d&rsquo;abord un Anglais,\u00a0Charles Fr\u00e9d\u00e9ric Worth, qui cr\u00e9a la premi\u00e8re maison de haute couture au coeur de la capitale. D&rsquo;ailleurs, la ville ne tarde pas \u00e0 devenir la sc\u00e8ne internationale des jeunes talents de la haute couture. Attir\u00e9s s\u00fbrement par l&rsquo;\u00e9l\u00e9gance des Parisiennes et l\u2019atmosph\u00e8re harmonieuse qui r\u00e8gne tout autour de la capitale, les couturiers du monde entier font halte dans les faubourgs parisiens.\u00a0<strong>Edward Molyneux<\/strong>,\u00a0<strong>Elsa Schiaparelli<\/strong>\u00a0ou encore\u00a0<strong>Cristobal Balenciaga<\/strong>, les cr\u00e9ateurs, inspir\u00e9s par la ville, affluent de toute part pour laisser leur griffe \u00e0 la nouvelle capitale de la mode.<\/p>\n<p>&nbsp;<\/p>\n<p>&nbsp;<\/p>\n<p><!-- \/divi:paragraph --><!-- divi:heading --><!-- \/divi:heading --><!-- divi:paragraph --><!-- \/divi:paragraph --><!-- divi:heading --><\/p>\n<h2><strong>L&rsquo;apr\u00e8s-guerre, ou le retour de l&rsquo;\u00e2ge d&rsquo;or<\/strong><\/h2>\n<p><strong><\/strong><\/p>\n<p>&nbsp;<\/p>\n<p>&nbsp;<\/p>\n<p>&nbsp;<\/p>\n<p><!-- \/divi:heading --><!-- divi:paragraph --><\/p>\n<p style=\"text-align: justify;\">Apr\u00e8s une pause dans le domaine de la mode caus\u00e9 par la Deuxi\u00e8me Guerre Mondiale,\u00a0<strong>Paris<\/strong> ne tarde pas \u00e0 s&rsquo;\u00e9veiller \u00e0 nouveau pour recr\u00e9er son \u00e2ge d&rsquo;or de la haute couture. Dans l&rsquo;apr\u00e8s-guerre, c&rsquo;est en effet plus d&rsquo;une centaine de maisons qui vont \u00eatre \u00e9difi\u00e9es ! On compte ici l&rsquo;arriv\u00e9e de noms inoubliables tels que <strong>Christian Dior<\/strong>\u00a0et son New Look ravageur, mais aussi\u00a0<strong>Yves Saint Laurent<\/strong>,\u00a0<strong>Hubert de Givenchy et Pierre Balmain<\/strong>. Aujourd&rsquo;hui encore, ces noms ont une renomm\u00e9e internationale et c&rsquo;est \u00e0\u00a0<strong>Paris<\/strong>\u00a0qu&rsquo;ils firent le lieu de leur spectacle. De tous les c\u00f4t\u00e9s du globe, on vient se presser devant les vitrines de leurs collections comme devant celles d&rsquo;un mus\u00e9e et les d\u00e9fil\u00e9s, plus spectaculaires les uns que les autres, sont dignes de v\u00e9ritables artistes.<strong>La touche fran\u00e7aise<\/strong> n&rsquo;en finit pas de s\u00e9duire \u00e0 travers le monde, et ce aussi gr\u00e2ce \u00e0 son talent \u00e0 m\u00e9langer les styles : qui d&rsquo;autres que les Fran\u00e7aises parvient \u00e0 \u00eatre chic en osant m\u00ealer bijoux d\u00e9jant\u00e9s sur robe classique.<\/p>\n<p style=\"text-align: justify;\">\n<p>&nbsp;<\/p>\n<p>&nbsp;<\/p>\n<p>&nbsp;<\/p>\n<p>&nbsp;<\/p>\n<p>&nbsp;<\/p>\n<p>&nbsp;<\/p>\n<p>&nbsp;<\/p>\n<p>&nbsp;<\/p>\n<p>&nbsp;<\/p>\n<p><!-- \/divi:paragraph -->[\/et_pb_text][\/et_pb_column_inner][\/et_pb_row_inner][\/et_pb_column][et_pb_column type=\u00a0\u00bb1_4&Prime; _builder_version=\u00a0\u00bb4.16&Prime; custom_padding=\u00a0\u00bb|||\u00a0\u00bb global_colors_info=\u00a0\u00bb{}\u00a0\u00bb custom_padding__hover=\u00a0\u00bb|||\u00a0\u00bb][et_pb_sidebar orientation=\u00a0\u00bbright\u00a0\u00bb _builder_version=\u00a0\u00bb4.16&Prime; _module_preset=\u00a0\u00bbdefault\u00a0\u00bb animation_style=\u00a0\u00bbslide\u00a0\u00bb animation_direction=\u00a0\u00bbright\u00a0\u00bb global_colors_info=\u00a0\u00bb{}\u00a0\u00bb][\/et_pb_sidebar][\/et_pb_column][\/et_pb_section]<\/p>","protected":false},"excerpt":{"rendered":"<p>\u201cLa mode est pour la France ce que les mines du P\u00e9rou sont pour l&rsquo;Espagne.\u201d\u00a0Cette exclamation de\u00a0Jean-Baptiste Colbert, fameux premier ministre de Louis XIV, r\u00e9sume \u00e0 elle seule la renomm\u00e9e de la mode fran\u00e7aise, et plus particuli\u00e8rement de l&rsquo;influence parisienne en ce domaine. Aujourd&rsquo;hui encore, le succ\u00e8s du\u00a0made in France\u00a0n&rsquo;en finit pas de s&rsquo;\u00e9tendre au-del\u00e0 [&hellip;]<\/p>","protected":false},"author":1,"featured_media":0,"parent":2,"menu_order":0,"comment_status":"closed","ping_status":"closed","template":"","meta":{"_et_pb_use_builder":"on","_et_pb_old_content":"<!-- wp:paragraph -->\n<p>\u201cLa mode est pour la France ce que les mines du P\u00e9rou sont pour l'Espagne.\u201d\u00a0Cette exclamation de\u00a0Jean-Baptiste Colbert, fameux premier ministre de Louis XIV, r\u00e9sume \u00e0 elle seule la renomm\u00e9e de la mode fran\u00e7aise, et plus particuli\u00e8rement de l'influence parisienne en ce domaine. Aujourd'hui encore, le succ\u00e8s du\u00a0made in France\u00a0n'en finit pas de s'\u00e9tendre au-del\u00e0 des fronti\u00e8res, et la haute couture est l'un des principaux arguments exhib\u00e9s par les touristes de passage !<\/p>\n<!-- \/wp:paragraph -->\n\n<!-- wp:heading -->\n<h2><strong>Paris, capitale de la haute couture<\/strong><\/h2>\n<!-- \/wp:heading -->\n\n<!-- wp:paragraph -->\n<p>Si\u00a0Paris\u00a0est c\u00e9l\u00e8bre pour sa particularit\u00e9 d'un\u00a0made in France\u00a0artisanal, c'est tout d'abord un Anglais,\u00a0Charles Fr\u00e9d\u00e9ric Worth, qui cr\u00e9a la premi\u00e8re maison de haute couture au coeur de la capitale. D'ailleurs, la ville ne tarde pas \u00e0 devenir la sc\u00e8ne internationale des jeunes talents de la haute couture. Attir\u00e9s s\u00fbrement par l'\u00e9l\u00e9gance des Parisiennes et l\u2019atmosph\u00e8re harmonieuse qui r\u00e8gne tout autour de la capitale, les couturiers du monde entier font halte dans les faubourgs parisiens.\u00a0<strong>Edward Molyneux<\/strong>,\u00a0<strong>Elsa Schiaparelli<\/strong>\u00a0ou encore\u00a0<strong>Cristobal Balenciaga<\/strong>, les cr\u00e9ateurs, inspir\u00e9s par la ville, affluent de toute part pour laisser leur griffe \u00e0 la nouvelle capitale de la mode.<\/p>\n<!-- \/wp:paragraph -->\n\n<!-- wp:heading -->\n<h2><strong>L'apr\u00e8s-guerre, ou le retour de l'\u00e2ge d'or<\/strong><\/h2>\n<!-- \/wp:heading -->\n\n<!-- wp:paragraph -->\n<p>Apr\u00e8s une pause dans le domaine de la mode caus\u00e9 par la Deuxi\u00e8me Guerre Mondiale,\u00a0<strong>Paris<\/strong>\u00a0ne tarde pas \u00e0 s'\u00e9veiller \u00e0 nouveau pour recr\u00e9er son \u00e2ge d'or de la haute couture. Dans l'apr\u00e8s-guerre, c'est en effet plus d'une centaine de maisons qui vont \u00eatre \u00e9difi\u00e9es ! On compte ici l'arriv\u00e9e de noms inoubliables tels que\u00a0<strong>Christian Dior<\/strong>\u00a0et son New Look ravageur, mais aussi\u00a0<strong>Yves Saint Laurent<\/strong>,\u00a0<strong>Hubert de Givenchy et Pierre Balmain<\/strong>. Aujourd'hui encore, ces noms ont une renomm\u00e9e internationale et c'est \u00e0\u00a0<strong>Paris<\/strong>\u00a0qu'ils firent le lieu de leur spectacle. De tous les c\u00f4t\u00e9s du globe, on vient se presser devant les vitrines de leurs collections comme devant celles d'un mus\u00e9e et les d\u00e9fil\u00e9s, plus spectaculaires les uns que les autres, sont dignes de v\u00e9ritables artistes.<strong>La touche fran\u00e7aise<\/strong>\u00a0n'en finit pas de s\u00e9duire \u00e0 travers le monde, et ce aussi gr\u00e2ce \u00e0 son talent \u00e0 m\u00e9langer les styles : qui d'autres que les Fran\u00e7aises parvient \u00e0 \u00eatre chic en osant m\u00ealer bijoux d\u00e9jant\u00e9s sur robe classique\u00a0<\/p>\n<!-- \/wp:paragraph -->","_et_gb_content_width":"","footnotes":""},"class_list":["post-50","page","type-page","status-publish","hentry"],"_links":{"self":[{"href":"https:\/\/icformodels.com\/en\/wp-json\/wp\/v2\/pages\/50","targetHints":{"allow":["GET"]}}],"collection":[{"href":"https:\/\/icformodels.com\/en\/wp-json\/wp\/v2\/pages"}],"about":[{"href":"https:\/\/icformodels.com\/en\/wp-json\/wp\/v2\/types\/page"}],"author":[{"embeddable":true,"href":"https:\/\/icformodels.com\/en\/wp-json\/wp\/v2\/users\/1"}],"replies":[{"embeddable":true,"href":"https:\/\/icformodels.com\/en\/wp-json\/wp\/v2\/comments?post=50"}],"version-history":[{"count":17,"href":"https:\/\/icformodels.com\/en\/wp-json\/wp\/v2\/pages\/50\/revisions"}],"predecessor-version":[{"id":2116,"href":"https:\/\/icformodels.com\/en\/wp-json\/wp\/v2\/pages\/50\/revisions\/2116"}],"up":[{"embeddable":true,"href":"https:\/\/icformodels.com\/en\/wp-json\/wp\/v2\/pages\/2"}],"wp:attachment":[{"href":"https:\/\/icformodels.com\/en\/wp-json\/wp\/v2\/media?parent=50"}],"curies":[{"name":"wp","href":"https:\/\/api.w.org\/{rel}","templated":true}]}}