{"id":152,"date":"2021-04-27T17:50:40","date_gmt":"2021-04-27T15:50:40","guid":{"rendered":"https:\/\/icformodels.com\/?page_id=152"},"modified":"2025-03-20T14:13:25","modified_gmt":"2025-03-20T13:13:25","slug":"mba-specialise-luxury-and-fashion-management","status":"publish","type":"page","link":"https:\/\/icformodels.com\/en\/programme-et-formation\/mba-specialise-luxury-and-fashion-management\/","title":{"rendered":"MBA LUXURY &#038; FASHION MANAGEMENT ( AGS in Paris)"},"content":{"rendered":"<p>[et_pb_section fb_built=\u00a0\u00bb1&Prime; admin_label=\u00a0\u00bbHeader\u00a0\u00bb _builder_version=\u00a0\u00bb4.22.0&Prime; _module_preset=\u00a0\u00bbdefault\u00a0\u00bb background_color=\u00a0\u00bbgcid-610d28dd-eb23-4fae-b502-62f0b357c8fd\u00a0\u00bb locked=\u00a0\u00bboff\u00a0\u00bb collapsed=\u00a0\u00bbon\u00a0\u00bb global_colors_info=\u00a0\u00bb{%22gcid-610d28dd-eb23-4fae-b502-62f0b357c8fd%22:%91%22background_color%22%93}\u00a0\u00bb][et_pb_row column_structure=\u00a0\u00bb2_3,1_3&Prime; _builder_version=\u00a0\u00bb4.25.1&Prime; _module_preset=\u00a0\u00bbdefault\u00a0\u00bb width=\u00a0\u00bb100%\u00a0\u00bb max_width=\u00a0\u00bb90%\u00a0\u00bb global_colors_info=\u00a0\u00bb{}\u00a0\u00bb][et_pb_column type=\u00a0\u00bb2_3&Prime; _builder_version=\u00a0\u00bb4.22.0&Prime; _module_preset=\u00a0\u00bbdefault\u00a0\u00bb global_colors_info=\u00a0\u00bb{}\u00a0\u00bb][et_pb_text _builder_version=\u00a0\u00bb4.25.1&Prime; _module_preset=\u00a0\u00bb_initial\u00a0\u00bb header_font=\u00a0\u00bbRoboto|500||on|||||\u00a0\u00bb header_text_color=\u00a0\u00bb#000000&Prime; header_font_size=\u00a0\u00bb82px\u00a0\u00bb header_letter_spacing=\u00a0\u00bb-0.06em\u00a0\u00bb header_font_size_tablet=\u00a0\u00bb40px\u00a0\u00bb header_font_size_phone=\u00a0\u00bb24px\u00a0\u00bb header_font_size_last_edited=\u00a0\u00bbon|desktop\u00a0\u00bb locked=\u00a0\u00bboff\u00a0\u00bb global_colors_info=\u00a0\u00bb{}\u00a0\u00bb]<\/p>\n<h1>SPECIALIZED MBA LUXURY &amp; FASHION MANAGEMENT<\/h1>\n<p>[\/et_pb_text][et_pb_text _builder_version=\u00a0\u00bb4.25.1&Prime; _module_preset=\u00a0\u00bb_initial\u00a0\u00bb text_font=\u00a0\u00bbLato||||||||\u00a0\u00bb text_font_size=\u00a0\u00bb16px\u00a0\u00bb text_line_height=\u00a0\u00bb1.8em\u00a0\u00bb text_font_size_tablet=\u00a0\u00bb15px\u00a0\u00bb text_font_size_phone=\u00a0\u00bb14px\u00a0\u00bb text_font_size_last_edited=\u00a0\u00bbon|desktop\u00a0\u00bb global_colors_info=\u00a0\u00bb{}\u00a0\u00bb]<\/p>\n<p>\u00a0Ce MBA Sp\u00e9cialis\u00e9 d\u2019 IC FOR MODELS est construit afin de permettre \u00e0 chaque \u00e9tudiant de maitriser tous les aspects du management et de l\u2019organisation appliqu\u00e9e aux univers du luxe et de la mode.<\/p>\n<p>The aim is for students to be able to export these skills and to develop an international career. From foreign languages to the codes and techniques of fashion and luxury abroad, the goal is to equip our students with the skills and expertise they need for optimal integration into the international luxury sector<\/p>\n<p><u>Skills blocks applied to Luxury &amp; Fashion<\/u><\/p>\n<ul>\n<li>Develop and communicate the global strategy of a Luxury &amp; Fashion organization<\/li>\n<li>Manage the implementation of the global strategy of a Luxury &amp; Fashion organization<\/li>\n<li>Manage the teams of a Luxury &amp; Fashion company<\/li>\n<li>Manage the marketing and sales development strategy of a Luxury &amp; Fashion organization<\/li>\n<\/ul>\n<p>[\/et_pb_text][et_pb_image src=\u00a0\u00bbhttps:\/\/icformodels.com\/wp-content\/uploads\/2024\/09\/5.jpg\u00a0\u00bb title_text=\u00a0\u00bb5&Prime; _builder_version=\u00a0\u00bb4.25.1&Prime; _module_preset=\u00a0\u00bbdefault\u00a0\u00bb border_radii=\u00a0\u00bbon|15px|15px|15px|15px\u00a0\u00bb locked=\u00a0\u00bboff\u00a0\u00bb global_colors_info=\u00a0\u00bb{}\u00a0\u00bb][\/et_pb_image][\/et_pb_column][et_pb_column type=\u00a0\u00bb1_3&Prime; _builder_version=\u00a0\u00bb4.25.1&Prime; _module_preset=\u00a0\u00bbdefault\u00a0\u00bb background_color=\u00a0\u00bb#FFFFFF\u00a0\u00bb custom_padding=\u00a0\u00bb30px|30px|30px|30px|true|true\u00a0\u00bb custom_padding_tablet=\u00a0\u00bb30px|30px|30px|30px|true|true\u00a0\u00bb custom_padding_phone=\u00a0\u00bb20px|20px|20px|20px|true|true\u00a0\u00bb custom_padding_last_edited=\u00a0\u00bbon|phone\u00a0\u00bb border_radii=\u00a0\u00bbon|10px|10px|10px|10px\u00a0\u00bb box_shadow_style=\u00a0\u00bbpreset4&Prime; box_shadow_horizontal=\u00a0\u00bb0px\u00a0\u00bb box_shadow_vertical=\u00a0\u00bb60px\u00a0\u00bb box_shadow_blur=\u00a0\u00bb90px\u00a0\u00bb box_shadow_color=\u00a0\u00bbrgba(0,0,0,0.08)\u00a0\u00bb global_colors_info=\u00a0\u00bb{}\u00a0\u00bb][et_pb_text _builder_version=\u00a0\u00bb4.25.1&Prime; _module_preset=\u00a0\u00bb_initial\u00a0\u00bb header_3_font=\u00a0\u00bbHeebo|700|||||||\u00a0\u00bb header_3_font_size=\u00a0\u00bb25px\u00a0\u00bb header_3_line_height=\u00a0\u00bb1.4em\u00a0\u00bb custom_margin=\u00a0\u00bb||20px||false|false\u00a0\u00bb header_3_font_size_tablet=\u00a0\u00bb20px\u00a0\u00bb header_3_font_size_phone=\u00a0\u00bb16px\u00a0\u00bb header_3_font_size_last_edited=\u00a0\u00bbon|desktop\u00a0\u00bb global_colors_info=\u00a0\u00bb{}\u00a0\u00bb]<\/p>\n<h3>Useful links<\/h3>\n<p>[\/et_pb_text][et_pb_button button_url=\u00a0\u00bbhttps:\/\/icformodels.com\/contact\/\u00a0\u00bb button_text=\u00a0\u00bbJ&rsquo;ai une question\u00a0\u00bb _builder_version=\u00a0\u00bb4.25.1&Prime; _module_preset=\u00a0\u00bbdefault\u00a0\u00bb animation_style=\u00a0\u00bbslide\u00a0\u00bb animation_direction=\u00a0\u00bbright\u00a0\u00bb locked=\u00a0\u00bboff\u00a0\u00bb global_colors_info=\u00a0\u00bb{}\u00a0\u00bb][\/et_pb_button][et_pb_button button_url=\u00a0\u00bbhttps:\/\/icformodels.com\/adminssions\/\u00a0\u00bb button_text=\u00a0\u00bbJe postule\u00a0\u00bb _builder_version=\u00a0\u00bb4.25.1&Prime; _module_preset=\u00a0\u00bbdefault\u00a0\u00bb animation_style=\u00a0\u00bbslide\u00a0\u00bb animation_direction=\u00a0\u00bbright\u00a0\u00bb animation_delay=\u00a0\u00bb2000ms\u00a0\u00bb locked=\u00a0\u00bboff\u00a0\u00bb global_colors_info=\u00a0\u00bb{}\u00a0\u00bb][\/et_pb_button][et_pb_button button_url=\u00a0\u00bbhttps:\/\/icformodels.com\/contact\/\u00a0\u00bb button_text=\u00a0\u00bbPortes ouvertes\u00a0\u00bb _builder_version=\u00a0\u00bb4.25.1&Prime; _module_preset=\u00a0\u00bbdefault\u00a0\u00bb animation_style=\u00a0\u00bbslide\u00a0\u00bb animation_direction=\u00a0\u00bbright\u00a0\u00bb animation_delay=\u00a0\u00bb2000ms\u00a0\u00bb hover_transition_delay=\u00a0\u00bb50ms\u00a0\u00bb locked=\u00a0\u00bboff\u00a0\u00bb global_colors_info=\u00a0\u00bb{}\u00a0\u00bb][\/et_pb_button][et_pb_button button_text=\u00a0\u00bbNous Rencontrer\u00a0\u00bb _builder_version=\u00a0\u00bb4.25.1&Prime; _module_preset=\u00a0\u00bb_initial\u00a0\u00bb custom_button=\u00a0\u00bbon\u00a0\u00bb button_text_size=\u00a0\u00bb14px\u00a0\u00bb button_text_color=\u00a0\u00bb#FFFFFF\u00a0\u00bb button_bg_color=\u00a0\u00bb#000000&Prime; button_border_width=\u00a0\u00bb0px\u00a0\u00bb button_border_radius=\u00a0\u00bb100px\u00a0\u00bb button_font=\u00a0\u00bb|700|||||||\u00a0\u00bb custom_padding=\u00a0\u00bb16px|24px|16px|24px|true|true\u00a0\u00bb locked=\u00a0\u00bboff\u00a0\u00bb global_colors_info=\u00a0\u00bb{}\u00a0\u00bb][\/et_pb_button][\/et_pb_column][\/et_pb_row][et_pb_row column_structure=\u00a0\u00bb2_3,1_3&Prime; _builder_version=\u00a0\u00bb4.25.1&Prime; _module_preset=\u00a0\u00bbdefault\u00a0\u00bb width=\u00a0\u00bb100%\u00a0\u00bb max_width=\u00a0\u00bb90%\u00a0\u00bb global_colors_info=\u00a0\u00bb{}\u00a0\u00bb][et_pb_column type=\u00a0\u00bb2_3&Prime; _builder_version=\u00a0\u00bb4.22.0&Prime; _module_preset=\u00a0\u00bbdefault\u00a0\u00bb global_colors_info=\u00a0\u00bb{}\u00a0\u00bb][et_pb_accordion open_toggle_text_color=\u00a0\u00bb#000000&Prime; icon_color=\u00a0\u00bb#000000&Prime; _builder_version=\u00a0\u00bb4.25.1&Prime; _module_preset=\u00a0\u00bbdefault\u00a0\u00bb toggle_text_color=\u00a0\u00bb#000000&Prime; toggle_font=\u00a0\u00bbHeebo|500|||||||\u00a0\u00bb toggle_font_size=\u00a0\u00bb19px\u00a0\u00bb toggle_letter_spacing=\u00a0\u00bb1px\u00a0\u00bb toggle_line_height=\u00a0\u00bb1.4em\u00a0\u00bb body_font=\u00a0\u00bbLato||||||||\u00a0\u00bb body_line_height=\u00a0\u00bb1.8em\u00a0\u00bb toggle_font_size_tablet=\u00a0\u00bb16px\u00a0\u00bb toggle_font_size_phone=\u00a0\u00bb15px\u00a0\u00bb toggle_font_size_last_edited=\u00a0\u00bbon|desktop\u00a0\u00bb border_radii=\u00a0\u00bbon|10px|10px|10px|10px\u00a0\u00bb border_width_all=\u00a0\u00bb2px\u00a0\u00bb border_color_all=\u00a0\u00bb#f4f4f4&Prime; global_colors_info=\u00a0\u00bb{}\u00a0\u00bb][et_pb_accordion_item open=\u00a0\u00bbon\u00a0\u00bb _builder_version=\u00a0\u00bb4.25.1&Prime; _module_preset=\u00a0\u00bbdefault\u00a0\u00bb body_line_height=\u00a0\u00bb1.5em\u00a0\u00bb text_orientation=\u00a0\u00bbjustified\u00a0\u00bb global_colors_info=\u00a0\u00bb{}\u00a0\u00bb]<\/p>\n<p><strong><u>ACADEMIC PROGRAM : <\/u><\/strong><\/p>\n<p><u><strong>Diploma<\/strong> <strong>MBA LUXURY &amp; FASHION MANAGEMENT and AMERICAN GRADUATE SCHOOL certification in PARIS (REID HALL COLUMBIA University)<\/strong><\/u><\/p>\n<p>The American Graduate School in Paris (AGS) is an international graduate school, registered with the Rectorat de Paris on January 27, 1994 as a private institution of higher education. AGS offers specialized courses in international relations and diplomacy in Paris, based on the American university model while integrating France's institutional, cultural and educational resources. Since it was founded in 1994, the school has trained nearly 700 students of some sixty different nationalities.<\/p>\n<p><strong><br \/><span style=\"text-decoration: underline;\">Specialized MBA 1<sup>st<\/sup> years and 2<sup>nd<\/sup> years <\/span><\/strong><span style=\"text-decoration: underline;\"><strong style=\"font-size: 15px;\">90% of courses in English<\/strong><\/span><\/p>\n<p><strong><u>MANDATORY COURSES over 4 Semesters :<\/u><\/strong><\/p>\n<p><strong><u>POLE 1: INTERNATIONAL MASTERS with AGS in Paris\u00a0<\/u><\/strong><\/p>\n<p><strong><u>187.5H - 5 subjects of 6 credits, i.e. 30 Credits <\/u><\/strong><\/p>\n<ul>\n<li>Intercultural management \u2013 37,5h<\/li>\n<li>Communication skills \u2013 37,5h<\/li>\n<li><span style=\"font-size: 15px;\">Worldwide luxury industry \u2013 37,5h\u00a0<\/span><\/li>\n<li><span style=\"font-size: 15px;\">Business management \u2013 37,5h\u00a0<\/span><\/li>\n<li>International Diplomacy \u2013 37,5h<\/li>\n<\/ul>\n<p><strong><u>POLE 2 : WORKSHOP in situ LUXURY &amp; FASHION\u00a0<\/u><\/strong><\/p>\n<p><strong><u>189 H - 7 subjects of 4 credits, i.e. 28 Credits <\/u><\/strong><\/p>\n<ul>\n<li>Luxury know-how &amp; Fashion - 27H<\/li>\n<li><span style=\"font-size: 15px;\">Public speaking - 27H\u00a0<\/span><\/li>\n<li><span style=\"font-size: 15px;\">Theater and directing - 27H\u00a0<\/span><\/li>\n<li>Advanced video editing 27H<\/li>\n<li>Sound creation 27H<\/li>\n<li>Graphic design 27H<\/li>\n<li>Art of luxury (French) 27H<\/li>\n<\/ul>\n<p>&nbsp;<\/p>\n<p><strong><u>POLE 3: EXCEPTIONAL KNOW-HOW\u00a0<\/u><\/strong><\/p>\n<p><strong><u>189 h - 7 subjects of 4 credits, i.e. 28 Credits <\/u><\/strong><\/p>\n<ul>\n<li>Fashion designer, Couture and haute Couture\u2013 27H<\/li>\n<li>Fast fashion \u2013 27H<\/li>\n<li>Perfumes and the world of cosmetics \u2013 27H<\/li>\n<li>Luxury sports \u2013 27H<\/li>\n<li>Table art \u2013 27H<\/li>\n<li>Jewelery and luxury watchmaking \u2013 27H<\/li>\n<li>Luxury conciergerie \u2013 27H<\/li>\n<\/ul>\n<p>&nbsp;<\/p>\n<p><strong><u>POLE 4 : LUXURY &amp; DIGITAL WORLD MANAGEMENT\u00a0<\/u><\/strong><\/p>\n<p><strong><u>135 H - 5 subjects of 4 credits, i.e. 20 Credits <\/u><\/strong><\/p>\n<ul>\n<li>Online advertising - 27H<\/li>\n<li>Online public relations - 27H<\/li>\n<li>Social media management - 27H<\/li>\n<li>E-commerce platform - 27H<\/li>\n<li>Customer traffic - 27H<\/li>\n<\/ul>\n<p>&nbsp;<\/p>\n<p><strong><u>POLE 5 : MANAGEMENT COMMUNICATION &amp; MARKETING LUXE\u00a0<\/u><\/strong><\/p>\n<p><strong><u>135H - 5 subjects of 4 credits, i.e. 20 Credits <\/u><\/strong><\/p>\n<ul>\n<li>Creative management 27H<\/li>\n<li>Luxury brand management (English) 27H<\/li>\n<li>Public relations (English) 27H<\/li>\n<li>Brand law 27H<\/li>\n<\/ul>\n<p>[\/et_pb_accordion_item][\/et_pb_accordion][\/et_pb_column][et_pb_column type=\u00a0\u00bb1_3&Prime; disabled_on=\u00a0\u00bbon|off|off\u00a0\u00bb _builder_version=\u00a0\u00bb4.25.1&Prime; _module_preset=\u00a0\u00bbdefault\u00a0\u00bb background_color=\u00a0\u00bb#FFFFFF\u00a0\u00bb custom_padding=\u00a0\u00bb30px|30px|30px|30px|true|true\u00a0\u00bb custom_padding_tablet=\u00a0\u00bb30px|30px|30px|30px|true|true\u00a0\u00bb custom_padding_phone=\u00a0\u00bb20px|20px|20px|20px|true|true\u00a0\u00bb custom_padding_last_edited=\u00a0\u00bbon|phone\u00a0\u00bb border_radii=\u00a0\u00bbon|10px|10px|10px|10px\u00a0\u00bb box_shadow_style=\u00a0\u00bbpreset4&Prime; box_shadow_horizontal=\u00a0\u00bb0px\u00a0\u00bb box_shadow_vertical=\u00a0\u00bb60px\u00a0\u00bb box_shadow_blur=\u00a0\u00bb90px\u00a0\u00bb box_shadow_color=\u00a0\u00bbrgba(0,0,0,0.08)\u00a0\u00bb global_colors_info=\u00a0\u00bb{}\u00a0\u00bb][et_pb_image src=\u00a0\u00bbhttps:\/\/icformodels.com\/wp-content\/uploads\/2023\/10\/FullSizeRender-scaled.jpg\u00a0\u00bb title_text=\u00a0\u00bbFullSizeRender\u00a0\u00bb _builder_version=\u00a0\u00bb4.25.1&Prime; _module_preset=\u00a0\u00bbdefault\u00a0\u00bb global_colors_info=\u00a0\u00bb{}\u00a0\u00bb][\/et_pb_image][et_pb_image src=\u00a0\u00bbhttps:\/\/icformodels.com\/wp-content\/uploads\/2023\/07\/IMG_3236-scaled.jpg\u00a0\u00bb title_text=\u00a0\u00bbIMG_3236&Prime; _builder_version=\u00a0\u00bb4.25.1&Prime; _module_preset=\u00a0\u00bbdefault\u00a0\u00bb global_colors_info=\u00a0\u00bb{}\u00a0\u00bb][\/et_pb_image][et_pb_image src=\u00a0\u00bbhttps:\/\/icformodels.com\/wp-content\/uploads\/2023\/01\/IMG_8588-scaled.jpg\u00a0\u00bb title_text=\u00a0\u00bbIMG_8588&Prime; _builder_version=\u00a0\u00bb4.25.1&Prime; _module_preset=\u00a0\u00bbdefault\u00a0\u00bb global_colors_info=\u00a0\u00bb{}\u00a0\u00bb][\/et_pb_image][\/et_pb_column][\/et_pb_row][et_pb_row column_structure=\u00a0\u00bb1_3,2_3&Prime; _builder_version=\u00a0\u00bb4.25.1&Prime; _module_preset=\u00a0\u00bbdefault\u00a0\u00bb width=\u00a0\u00bb100%\u00a0\u00bb max_width=\u00a0\u00bb90%\u00a0\u00bb global_colors_info=\u00a0\u00bb{}\u00a0\u00bb][et_pb_column type=\u00a0\u00bb1_3&Prime; disabled_on=\u00a0\u00bbon|off|off\u00a0\u00bb _builder_version=\u00a0\u00bb4.25.1&Prime; _module_preset=\u00a0\u00bbdefault\u00a0\u00bb background_color=\u00a0\u00bb#FFFFFF\u00a0\u00bb custom_padding=\u00a0\u00bb30px|30px|30px|30px|true|true\u00a0\u00bb custom_padding_tablet=\u00a0\u00bb30px|30px|30px|30px|true|true\u00a0\u00bb custom_padding_phone=\u00a0\u00bb20px|20px|20px|20px|true|true\u00a0\u00bb custom_padding_last_edited=\u00a0\u00bbon|phone\u00a0\u00bb border_radii=\u00a0\u00bbon|10px|10px|10px|10px\u00a0\u00bb box_shadow_style=\u00a0\u00bbpreset4&Prime; box_shadow_horizontal=\u00a0\u00bb0px\u00a0\u00bb box_shadow_vertical=\u00a0\u00bb60px\u00a0\u00bb box_shadow_blur=\u00a0\u00bb90px\u00a0\u00bb box_shadow_color=\u00a0\u00bbrgba(0,0,0,0.08)\u00a0\u00bb global_colors_info=\u00a0\u00bb{}\u00a0\u00bb][et_pb_image src=\u00a0\u00bbhttps:\/\/icformodels.com\/wp-content\/uploads\/2023\/10\/IMG_6282-scaled.jpg\u00a0\u00bb title_text=\u00a0\u00bbIMG_6282&Prime; _builder_version=\u00a0\u00bb4.25.1&Prime; _module_preset=\u00a0\u00bbdefault\u00a0\u00bb global_colors_info=\u00a0\u00bb{}\u00a0\u00bb][\/et_pb_image][et_pb_image src=\u00a0\u00bbhttps:\/\/icformodels.com\/wp-content\/uploads\/2023\/01\/IMG_3598-3-scaled.jpg\u00a0\u00bb title_text=\u00a0\u00bbIMG_3598 3&Prime; _builder_version=\u00a0\u00bb4.25.1&Prime; _module_preset=\u00a0\u00bbdefault\u00a0\u00bb global_colors_info=\u00a0\u00bb{}\u00a0\u00bb][\/et_pb_image][et_pb_image src=\u00a0\u00bbhttps:\/\/icformodels.com\/wp-content\/uploads\/2022\/11\/IMG_2059-scaled.jpg\u00a0\u00bb title_text=\u00a0\u00bbIMG_2059&Prime; _builder_version=\u00a0\u00bb4.25.1&Prime; _module_preset=\u00a0\u00bbdefault\u00a0\u00bb global_colors_info=\u00a0\u00bb{}\u00a0\u00bb][\/et_pb_image][et_pb_image src=\u00a0\u00bbhttps:\/\/icformodels.com\/wp-content\/uploads\/2023\/12\/IMG_7231.png\u00a0\u00bb title_text=\u00a0\u00bbIMG_7231&Prime; _builder_version=\u00a0\u00bb4.25.1&Prime; _module_preset=\u00a0\u00bbdefault\u00a0\u00bb global_colors_info=\u00a0\u00bb{}\u00a0\u00bb][\/et_pb_image][\/et_pb_column][et_pb_column type=\u00a0\u00bb2_3&Prime; _builder_version=\u00a0\u00bb4.22.0&Prime; _module_preset=\u00a0\u00bbdefault\u00a0\u00bb global_colors_info=\u00a0\u00bb{}\u00a0\u00bb][et_pb_accordion open_toggle_text_color=\u00a0\u00bb#000000&Prime; icon_color=\u00a0\u00bb#000000&Prime; _builder_version=\u00a0\u00bb4.25.1&Prime; _module_preset=\u00a0\u00bbdefault\u00a0\u00bb toggle_text_color=\u00a0\u00bb#000000&Prime; toggle_font=\u00a0\u00bbHeebo|500|||||||\u00a0\u00bb toggle_font_size=\u00a0\u00bb19px\u00a0\u00bb toggle_letter_spacing=\u00a0\u00bb1px\u00a0\u00bb toggle_line_height=\u00a0\u00bb1.4em\u00a0\u00bb body_font=\u00a0\u00bbLato||||||||\u00a0\u00bb body_line_height=\u00a0\u00bb1.8em\u00a0\u00bb toggle_font_size_tablet=\u00a0\u00bb16px\u00a0\u00bb toggle_font_size_phone=\u00a0\u00bb15px\u00a0\u00bb toggle_font_size_last_edited=\u00a0\u00bbon|desktop\u00a0\u00bb border_radii=\u00a0\u00bbon|10px|10px|10px|10px\u00a0\u00bb border_width_all=\u00a0\u00bb2px\u00a0\u00bb border_color_all=\u00a0\u00bb#f4f4f4&Prime; global_colors_info=\u00a0\u00bb{}\u00a0\u00bb][et_pb_accordion_item open=\u00a0\u00bbon\u00a0\u00bb _builder_version=\u00a0\u00bb4.25.1&Prime; _module_preset=\u00a0\u00bbdefault\u00a0\u00bb body_line_height=\u00a0\u00bb1.5em\u00a0\u00bb text_orientation=\u00a0\u00bbjustified\u00a0\u00bb global_colors_info=\u00a0\u00bb{}\u00a0\u00bb]<strong><u>MANDATORY COURSES over the two years <\/u><\/strong><\/p>\n<p><strong><u>POLE 1: INTERNATIONAL MASTERS with AGS in Paris\u00a0<\/u><\/strong><\/p>\n<p><strong><u>POLE 2 : WORKSHOP in situ LUXURY &amp; FASHION\u00a0<\/u><\/strong><\/p>\n<p><strong><u>POLE 3: EXCEPTIONAL KNOW-HOW<\/u><\/strong><\/p>\n<p><strong><u>POLE 4 : LUXURY &amp; DIGITAL WORLD MANAGEMENT<\/u><\/strong><\/p>\n<p><strong><u>POLE 5 : MANAGEMENT COMMUNICATION &amp; MARKETING\u00a0<\/u><\/strong><\/p>\n<p>Number of compulsory course hours over two years: 835.5 h<\/p>\n<p><strong><u>TRAINING POSSIBLE UNDER AN APPRENTICESHIP CONTRACT<\/u><\/strong><\/p>\n<p>&nbsp;<\/p>\n<p><strong><u>NON-MANDATORY OPTIONS (replacing pole 1) \u00a0<\/u><\/strong><\/p>\n<p>UNIQUE: SEMESTER 4 possible in the USA<\/p>\n<p><strong><u>ARCADIA UNIVERSITY <\/u><\/strong><\/p>\n<p><strong><u>Partner university via AGS in Paris<\/u><\/strong><\/p>\n<p>4 to 6 months in the USA to learn about international business culture at our partner university.<\/p>\n<p><strong><u>8 OPTIONAL WORKSHOPS <\/u><em>(in addition to the compulsory program) :<\/em>) :<\/strong><\/p>\n<p><strong><u>WORKSHOP N\u00b01 LOOK-STYLE<\/u><\/strong><\/p>\n<p><strong><u><\/u><\/strong><\/p>\n<p>This workshop will help you find what's best for you. From famous fashion houses to major ready-to-wear boutiques, this workshop will show you how to position your style while remaining accessible to the major brands that will be recruiting you.<\/p>\n<p>The workshop will give you the keys to finding the ideal outfit for an event, a lunch, building a practical and elegant wardrobe or \u201ccostume\u201d wardrobe, or finding the latest design objects. Our workshop will help you discover the best addresses in Paris (vintage, new designers...). After a short personalized analysis, we'll suggest a shopping itinerary that's exactly what you're looking for.<\/p>\n<p><strong><u>WORKSHOP N\u00b02 MAKE-UP and FACE CARE<\/u>\u00a0<\/strong><\/p>\n<p><strong><u><\/u><\/strong><\/p>\n<p>A hands-on workshop dedicated to the discovery of French and international beauty. Our professional make-up artists will highlight your face. You'll learn how to apply make-up, choosing the textures, colors and application techniques best suited to your skin. For boys, the workshop will focus on simple and effective beauty techniques, both short- and long-term.<\/p>\n<p><strong><u>WORKSHOP N\u00b03 IMAGE ADVICE (PHOTOS &amp; VIDEOS)<\/u><\/strong><\/p>\n<p><strong><u><\/u><\/strong><\/p>\n<p>This workshop will help you combine the colors that suit you best and, above all, the techniques to achieve success. Our speakers will analyze the cuts, lengths and materials of clothing, as well as the accessories to choose. They'll be able to advise you and show you the tricks of the trade to enhance your assets. You'll be given your own personal portfolio, just like professional models.<\/p>\n<p><strong><u>WORKSHOP N\u00b04 PERFUME CREATION<\/u><\/strong><\/p>\n<p><strong><u><\/u><\/strong><\/p>\n<p>An original but essential workshop for the creation of your \u201cbeautiful person\u201d, the olfactory scheme is inseparable from your image. The two must combine, complement and affirm each other. This workshop will introduce you to the different olfactory families and the secrets of scents, using professional pipettes and wipes. The expert will introduce participants to over twenty raw materials. By the end of the workshop, top notes, middle notes and base notes no longer hold any secrets for our students. In addition to theory, each participant is given the opportunity to create his or her own formula and perfume, and to take home his or her own composition if it is approved by the expert.<\/p>\n<p><strong><u>WORKSHOP N\u00b05 FLORAL ART\u00a0<\/u><\/strong><\/p>\n<p><strong><u><\/u><\/strong><\/p>\n<p>Floral art transports you into an olfactory, aesthetic and magical universe. This workshop will enable you to create a bouquet or composition worthy of a great florist, combining expertise, technique and creativity. Several themes are covered (round, graphic, romantic, multicolored, wild...) At the start of each workshop, the florist creates the bouquet of the day, explaining and commenting on his or her work. It's then up to each participant to create his or her own arrangement, thanks to the invaluable advice of the teacher. Each participant leaves with his or her own composition.<\/p>\n<p><strong><u>ATELIER N\u00b06 GASTRONOMIE et DEGUSTATION \u0152NOLOGIQUE<\/u><\/strong><\/p>\n<p><strong><u><\/u><\/strong><\/p>\n<p>The aim of this workshop is to introduce you to some exceptional products such as caviar, lobster, .....<br \/>\nIn addition, a wine tasting session will explore the concepts of limpidity, color, bouquet, tannin, acidity, mellowness, brilliance, density, legs and effervescence. Champagne will be in the spotlight, with a focus on the history of this precious beverage, fermentations, riddling, disgorging and liqueur de dosage. You'll learn all about grape varieties, blanc de blancs and blanc de noirs, the classification of grands crus, the notion of vintage, reserve wines and how to make ros\u00e9.<\/p>\n<p><strong><u>WORKSHOP N\u00b07 SHAKERS<\/u><\/strong><\/p>\n<p><strong><u><\/u><\/strong><\/p>\n<p>During this mixology course, a professional bartender will introduce you to all the products used to make cocktails, and explain how to combine spirits, liqueurs, fruit juices and syrups. You'll learn how to \u201cshaken\u201d and discover many tips for decorating and preparing glasses. A challenge workshop is also available.<\/p>\n<p><strong><u>WORKSHOP N\u00b08 PROTOCOL<\/u><\/strong><\/p>\n<p><strong><u><\/u><\/strong><\/p>\n<p>Etiquette, or the code of good manners, is the fruit of a culture and a history that evolve with the times.<br \/>\nIt's a journey through tradition that teaches the rules of etiquette. How to introduce oneself, how to express oneself, how to thank, how to behave during a business lunch or a social cocktail.<br \/>\nA workshop with a focus, aimed at boys who want to acquire a natural elegance in their daily lives, their professional lives or for special occasions. From the rules of propriety and good manners to gallant attentions to women, this course is the passport to the perfect modern gentleman. It's an \u201cunguided\u201d workshop, subtle and contemporary, with no mannerisms. Practice makes perfect, and we'll put you through your paces on a variety of themes from everyday life to special events.<\/span><\/p>\n<p><strong><u>WORKSHOP N\u00b09 GOOD WILL in COMPANY<\/u><\/strong><\/p>\n<p>In a professional context, good manners are sufficiently rare for the person applying them to be immediately and positively noticed. While good manners don't prevent every conflict in the workplace, they do help to \u201ciron out the kinks\u201d, ease tensions and get the dialogue moving in the right direction, and are particularly useful in day-to-day business. A brief history, followed by numerous tips on how to make a good first impression, and then business etiquette. All practical advice to help you behave well and avoid making mistakes.<\/p>\n<p><strong><u>MISE EN SITUATION MEMOIRE APPLIQUE<\/u><\/strong><\/p>\n<p>CHALLENGES LUXURY HOUSE AND FASHION WEEK Business<br \/>\nValidation acad\u00e9mique : MBA (120 cr\u00e9dits ECTS) niveau Bac+5[\/et_pb_accordion_item][\/et_pb_accordion][\/et_pb_column][\/et_pb_row][\/et_pb_section]<\/p>","protected":false},"excerpt":{"rendered":"<p>MBA SP\u00c9CIALIS\u00c9 LUXURY &amp; FASHION MANAGEMENT\u00a0Ce MBA Sp\u00e9cialis\u00e9 d\u2019 IC FOR MODELS est construit afin de permettre \u00e0 chaque \u00e9tudiant de maitriser tous les aspects du management et de l\u2019organisation appliqu\u00e9e aux univers du luxe et de la mode. L\u2019objectif pour les jeunes reste de pouvoir exporter ces comp\u00e9tences et d&rsquo;\u00e9voluer dans une carri\u00e8re \u00e0 [&hellip;]<\/p>","protected":false},"author":2,"featured_media":1207,"parent":12,"menu_order":0,"comment_status":"closed","ping_status":"closed","template":"","meta":{"_et_pb_use_builder":"on","_et_pb_old_content":"","_et_gb_content_width":"","footnotes":""},"class_list":["post-152","page","type-page","status-publish","has-post-thumbnail","hentry"],"_links":{"self":[{"href":"https:\/\/icformodels.com\/en\/wp-json\/wp\/v2\/pages\/152","targetHints":{"allow":["GET"]}}],"collection":[{"href":"https:\/\/icformodels.com\/en\/wp-json\/wp\/v2\/pages"}],"about":[{"href":"https:\/\/icformodels.com\/en\/wp-json\/wp\/v2\/types\/page"}],"author":[{"embeddable":true,"href":"https:\/\/icformodels.com\/en\/wp-json\/wp\/v2\/users\/2"}],"replies":[{"embeddable":true,"href":"https:\/\/icformodels.com\/en\/wp-json\/wp\/v2\/comments?post=152"}],"version-history":[{"count":89,"href":"https:\/\/icformodels.com\/en\/wp-json\/wp\/v2\/pages\/152\/revisions"}],"predecessor-version":[{"id":2820,"href":"https:\/\/icformodels.com\/en\/wp-json\/wp\/v2\/pages\/152\/revisions\/2820"}],"up":[{"embeddable":true,"href":"https:\/\/icformodels.com\/en\/wp-json\/wp\/v2\/pages\/12"}],"wp:featuredmedia":[{"embeddable":true,"href":"https:\/\/icformodels.com\/en\/wp-json\/wp\/v2\/media\/1207"}],"wp:attachment":[{"href":"https:\/\/icformodels.com\/en\/wp-json\/wp\/v2\/media?parent=152"}],"curies":[{"name":"wp","href":"https:\/\/api.w.org\/{rel}","templated":true}]}}